{"id":4421,"date":"2024-10-28T15:25:53","date_gmt":"2024-10-28T14:25:53","guid":{"rendered":"https:\/\/obredorobermaier.com\/?page_id=4421"},"modified":"2024-10-28T15:59:13","modified_gmt":"2024-10-28T14:59:13","slug":"politicas-de-privacidad","status":"publish","type":"page","link":"https:\/\/obredorobermaier.com\/en\/politicas-de-privacidad\/","title":{"rendered":"Pol\u00edticas de privacidad"},"content":{"rendered":"<div data-elementor-type=\"wp-page\" data-elementor-id=\"4421\" class=\"elementor elementor-4421\" data-elementor-post-type=\"page\">\n\t\t\t\t\t\t<section class=\"elementor-section elementor-top-section elementor-element elementor-element-46067f3 elementor-section-boxed elementor-section-height-default elementor-section-height-default\" data-id=\"46067f3\" data-element_type=\"section\" data-e-type=\"section\">\n\t\t\t\t\t\t<div class=\"elementor-container elementor-column-gap-default\">\n\t\t\t\t\t<div class=\"elementor-column elementor-col-100 elementor-top-column elementor-element elementor-element-c0b58f6\" data-id=\"c0b58f6\" data-element_type=\"column\" data-e-type=\"column\">\n\t\t\t<div class=\"elementor-widget-wrap elementor-element-populated\">\n\t\t\t\t\t\t<div class=\"elementor-element elementor-element-46f7fe4 elementor-widget elementor-widget-spacer\" data-id=\"46f7fe4\" data-element_type=\"widget\" data-e-type=\"widget\" data-widget_type=\"spacer.default\">\n\t\t\t\t<div class=\"elementor-widget-container\">\n\t\t\t\t\t\t\t<div class=\"elementor-spacer\">\n\t\t\t<div class=\"elementor-spacer-inner\"><\/div>\n\t\t<\/div>\n\t\t\t\t\t\t<\/div>\n\t\t\t\t<\/div>\n\t\t\t\t\t<\/div>\n\t\t<\/div>\n\t\t\t\t\t<\/div>\n\t\t<\/section>\n\t\t\t\t<section class=\"elementor-section elementor-top-section elementor-element elementor-element-4c7982e elementor-section-boxed elementor-section-height-default elementor-section-height-default elementor-invisible\" data-id=\"4c7982e\" data-element_type=\"section\" data-e-type=\"section\" data-settings=\"{&quot;animation&quot;:&quot;fadeIn&quot;}\">\n\t\t\t\t\t\t<div class=\"elementor-container elementor-column-gap-default\">\n\t\t\t\t\t<div class=\"elementor-column elementor-col-100 elementor-top-column elementor-element elementor-element-5e1b4ca\" data-id=\"5e1b4ca\" data-element_type=\"column\" data-e-type=\"column\">\n\t\t\t<div class=\"elementor-widget-wrap elementor-element-populated\">\n\t\t\t\t\t\t<div class=\"elementor-element elementor-element-c8488d0 elementor-hidden-mobile elementor-widget elementor-widget-spacer\" data-id=\"c8488d0\" data-element_type=\"widget\" data-e-type=\"widget\" data-widget_type=\"spacer.default\">\n\t\t\t\t<div class=\"elementor-widget-container\">\n\t\t\t\t\t\t\t<div class=\"elementor-spacer\">\n\t\t\t<div class=\"elementor-spacer-inner\"><\/div>\n\t\t<\/div>\n\t\t\t\t\t\t<\/div>\n\t\t\t\t<\/div>\n\t\t\t\t<div class=\"elementor-element elementor-element-e460edd elementor-widget elementor-widget-heading\" data-id=\"e460edd\" data-element_type=\"widget\" data-e-type=\"widget\" data-widget_type=\"heading.default\">\n\t\t\t\t<div class=\"elementor-widget-container\">\n\t\t\t\t\t<h2 class=\"elementor-heading-title elementor-size-default\">Pol\u00edticas de privacidad<\/h2>\t\t\t\t<\/div>\n\t\t\t\t<\/div>\n\t\t\t\t\t<\/div>\n\t\t<\/div>\n\t\t\t\t\t<\/div>\n\t\t<\/section>\n\t\t\t\t<section class=\"elementor-section elementor-top-section elementor-element elementor-element-fc6962f elementor-section-boxed elementor-section-height-default elementor-section-height-default\" data-id=\"fc6962f\" data-element_type=\"section\" data-e-type=\"section\">\n\t\t\t\t\t\t<div class=\"elementor-container elementor-column-gap-default\">\n\t\t\t\t\t<div class=\"elementor-column elementor-col-100 elementor-top-column elementor-element elementor-element-42acb42\" data-id=\"42acb42\" data-element_type=\"column\" data-e-type=\"column\">\n\t\t\t<div class=\"elementor-widget-wrap elementor-element-populated\">\n\t\t\t\t\t\t<div class=\"elementor-element elementor-element-3a83c8e elementor-widget elementor-widget-spacer\" data-id=\"3a83c8e\" data-element_type=\"widget\" data-e-type=\"widget\" data-widget_type=\"spacer.default\">\n\t\t\t\t<div class=\"elementor-widget-container\">\n\t\t\t\t\t\t\t<div class=\"elementor-spacer\">\n\t\t\t<div class=\"elementor-spacer-inner\"><\/div>\n\t\t<\/div>\n\t\t\t\t\t\t<\/div>\n\t\t\t\t<\/div>\n\t\t\t\t<div class=\"elementor-element elementor-element-c26f317 elementor-widget elementor-widget-text-editor\" data-id=\"c26f317\" data-element_type=\"widget\" data-e-type=\"widget\" data-widget_type=\"text-editor.default\">\n\t\t\t\t<div class=\"elementor-widget-container\">\n\t\t\t\t\t\t\t\t\t<p><span style=\"font-size: 1rem;\">En <\/span><strong style=\"font-size: 1rem;\">Obredor &amp; Obermaier<\/strong><span style=\"font-size: 1rem;\">, valoramos y respetamos la privacidad de nuestros clientes y visitantes de la web. Esta pol\u00edtica de privacidad describe c\u00f3mo recopilamos, utilizamos, y protegemos tu informaci\u00f3n personal en cumplimiento de la Ley de Protecci\u00f3n de Datos Personales N\u00b0 25.326 de Argentina.<\/span><\/p><p>\u00a0<\/p><p>1. <strong>Informaci\u00f3n que recopilamos<\/strong><\/p><ul><li><strong>Datos personales<\/strong>: Cuando completas formularios de contacto o solicitas informaci\u00f3n, recopilamos datos como tu nombre, correo electr\u00f3nico y n\u00famero de tel\u00e9fono.<\/li><li><strong>Informaci\u00f3n de navegaci\u00f3n<\/strong>: Utilizamos cookies y tecnolog\u00edas similares para mejorar la experiencia en nuestro sitio web, obtener estad\u00edsticas de uso y personalizar el contenido.<\/li><\/ul><p>\u00a0<\/p><p>2. <strong>C\u00f3mo usamos tu informaci\u00f3n<\/strong><\/p><ul><li><strong>Comunicaci\u00f3n<\/strong>: Utilizamos tus datos para responder consultas, enviar presupuestos y proporcionar informaci\u00f3n sobre nuestros servicios.<\/li><li><strong>Marketing<\/strong>: Con tu consentimiento, podemos enviarte informaci\u00f3n sobre nuestros proyectos, noticias del sector y promociones. Puedes optar por no recibir estos correos en cualquier momento.<\/li><li><strong>Mejora de servicios<\/strong>: Los datos de navegaci\u00f3n se utilizan para analizar y optimizar el rendimiento de nuestro sitio.<\/li><\/ul><p>\u00a0<\/p><p>3. <strong>Compartir tu informaci\u00f3n<\/strong><\/p><ul><li><strong>Proveedores y socios<\/strong>: En algunos casos, podemos compartir tu informaci\u00f3n con proveedores de servicios que nos ayudan en el desarrollo de proyectos (por ejemplo, subcontratistas). Estos terceros cumplen con nuestras pol\u00edticas de privacidad.<\/li><li><strong>Cumplimiento legal<\/strong>: Podemos divulgar tu informaci\u00f3n si la ley lo requiere o si es necesario para proteger nuestros derechos legales.<\/li><\/ul><p>\u00a0<\/p><p>4. <strong>Seguridad de la informaci\u00f3n<\/strong><\/p><ul><li>Implementamos medidas de seguridad razonables para proteger tu informaci\u00f3n personal. Sin embargo, no podemos garantizar una seguridad absoluta debido a los riesgos inherentes de Internet.<\/li><\/ul><p>\u00a0<\/p><p>5. <strong>Tus derechos<\/strong><\/p><ul><li><strong>Acceso, rectificaci\u00f3n y supresi\u00f3n<\/strong>: Tienes derecho a acceder, corregir o solicitar la eliminaci\u00f3n de tus datos personales. Para ello, comun\u00edcate con nosotros en info@obredorobermaier.com.<\/li><li><strong>Revocar consentimiento<\/strong>: Puedes revocar tu consentimiento para el tratamiento de datos en cualquier momento.<\/li><\/ul><p>\u00a0<\/p><p>6. <strong>Pol\u00edtica de cookies<\/strong><\/p><ul><li>Utilizamos cookies para mejorar la funcionalidad del sitio. Puedes configurar tu navegador para rechazar cookies, pero esto puede afectar la experiencia de usuario.<\/li><\/ul><p>\u00a0<\/p><p>7. <strong>Cambios en esta pol\u00edtica<\/strong><\/p><ul><li>Nos reservamos el derecho de modificar esta pol\u00edtica de privacidad. Cualquier cambio se publicar\u00e1 en esta p\u00e1gina con la fecha de actualizaci\u00f3n.<\/li><\/ul><p>\u00a0<\/p><p>8. <strong>Contact Us<\/strong><\/p><ul><li>Si tienes dudas o deseas ejercer tus derechos sobre tus datos personales, cont\u00e1ctanos en info@obredorobermaier.com\u00a0o al tel\u00e9fono +54 2364 &#8211; 55 8912.<\/li><\/ul><p>\u00a0<\/p><p>\u00a0<\/p><p><strong>Fecha de \u00faltima actualizaci\u00f3n<\/strong>: 28\/10\/2024<\/p>\t\t\t\t\t\t\t\t<\/div>\n\t\t\t\t<\/div>\n\t\t\t\t<div class=\"elementor-element elementor-element-655165c elementor-widget elementor-widget-spacer\" data-id=\"655165c\" data-element_type=\"widget\" data-e-type=\"widget\" data-widget_type=\"spacer.default\">\n\t\t\t\t<div class=\"elementor-widget-container\">\n\t\t\t\t\t\t\t<div class=\"elementor-spacer\">\n\t\t\t<div class=\"elementor-spacer-inner\"><\/div>\n\t\t<\/div>\n\t\t\t\t\t\t<\/div>\n\t\t\t\t<\/div>\n\t\t\t\t\t<\/div>\n\t\t<\/div>\n\t\t\t\t\t<\/div>\n\t\t<\/section>\n\t\t\t\t<\/div>","protected":false},"excerpt":{"rendered":"<p>Pol\u00edticas de privacidad En Obredor &amp; Obermaier, valoramos y respetamos la privacidad de nuestros clientes y visitantes de la web. Esta pol\u00edtica de privacidad describe c\u00f3mo recopilamos, utilizamos, y protegemos tu informaci\u00f3n personal en cumplimiento de la Ley de Protecci\u00f3n de Datos Personales N\u00b0 25.326 de Argentina. \u00a0 1. Informaci\u00f3n que recopilamos Datos personales: Cuando [&hellip;]<\/p>","protected":false},"author":1,"featured_media":4154,"parent":0,"menu_order":0,"comment_status":"closed","ping_status":"closed","template":"","meta":{"footnotes":""},"class_list":["post-4421","page","type-page","status-publish","has-post-thumbnail","hentry"],"_links":{"self":[{"href":"https:\/\/obredorobermaier.com\/en\/wp-json\/wp\/v2\/pages\/4421","targetHints":{"allow":["GET"]}}],"collection":[{"href":"https:\/\/obredorobermaier.com\/en\/wp-json\/wp\/v2\/pages"}],"about":[{"href":"https:\/\/obredorobermaier.com\/en\/wp-json\/wp\/v2\/types\/page"}],"author":[{"embeddable":true,"href":"https:\/\/obredorobermaier.com\/en\/wp-json\/wp\/v2\/users\/1"}],"replies":[{"embeddable":true,"href":"https:\/\/obredorobermaier.com\/en\/wp-json\/wp\/v2\/comments?post=4421"}],"version-history":[{"count":16,"href":"https:\/\/obredorobermaier.com\/en\/wp-json\/wp\/v2\/pages\/4421\/revisions"}],"predecessor-version":[{"id":4449,"href":"https:\/\/obredorobermaier.com\/en\/wp-json\/wp\/v2\/pages\/4421\/revisions\/4449"}],"wp:featuredmedia":[{"embeddable":true,"href":"https:\/\/obredorobermaier.com\/en\/wp-json\/wp\/v2\/media\/4154"}],"wp:attachment":[{"href":"https:\/\/obredorobermaier.com\/en\/wp-json\/wp\/v2\/media?parent=4421"}],"curies":[{"name":"wp","href":"https:\/\/api.w.org\/{rel}","templated":true}]}}