{"id":4437,"date":"2024-10-28T15:55:01","date_gmt":"2024-10-28T14:55:01","guid":{"rendered":"https:\/\/obredorobermaier.com\/?page_id=4437"},"modified":"2024-10-28T15:58:47","modified_gmt":"2024-10-28T14:58:47","slug":"politicas-de-cookies","status":"publish","type":"page","link":"https:\/\/obredorobermaier.com\/en\/politicas-de-cookies\/","title":{"rendered":"Pol\u00edticas de cookies"},"content":{"rendered":"<div data-elementor-type=\"wp-page\" data-elementor-id=\"4437\" class=\"elementor elementor-4437\" data-elementor-post-type=\"page\">\n\t\t\t\t\t\t<section class=\"elementor-section elementor-top-section elementor-element elementor-element-46067f3 elementor-section-boxed elementor-section-height-default elementor-section-height-default\" data-id=\"46067f3\" data-element_type=\"section\" data-e-type=\"section\">\n\t\t\t\t\t\t<div class=\"elementor-container elementor-column-gap-default\">\n\t\t\t\t\t<div class=\"elementor-column elementor-col-100 elementor-top-column elementor-element elementor-element-c0b58f6\" data-id=\"c0b58f6\" data-element_type=\"column\" data-e-type=\"column\">\n\t\t\t<div class=\"elementor-widget-wrap elementor-element-populated\">\n\t\t\t\t\t\t<div class=\"elementor-element elementor-element-46f7fe4 elementor-widget elementor-widget-spacer\" data-id=\"46f7fe4\" data-element_type=\"widget\" data-e-type=\"widget\" data-widget_type=\"spacer.default\">\n\t\t\t\t<div class=\"elementor-widget-container\">\n\t\t\t\t\t\t\t<div class=\"elementor-spacer\">\n\t\t\t<div class=\"elementor-spacer-inner\"><\/div>\n\t\t<\/div>\n\t\t\t\t\t\t<\/div>\n\t\t\t\t<\/div>\n\t\t\t\t\t<\/div>\n\t\t<\/div>\n\t\t\t\t\t<\/div>\n\t\t<\/section>\n\t\t\t\t<section class=\"elementor-section elementor-top-section elementor-element elementor-element-4c7982e elementor-section-boxed elementor-section-height-default elementor-section-height-default elementor-invisible\" data-id=\"4c7982e\" data-element_type=\"section\" data-e-type=\"section\" data-settings=\"{&quot;animation&quot;:&quot;fadeIn&quot;}\">\n\t\t\t\t\t\t<div class=\"elementor-container elementor-column-gap-default\">\n\t\t\t\t\t<div class=\"elementor-column elementor-col-100 elementor-top-column elementor-element elementor-element-5e1b4ca\" data-id=\"5e1b4ca\" data-element_type=\"column\" data-e-type=\"column\">\n\t\t\t<div class=\"elementor-widget-wrap elementor-element-populated\">\n\t\t\t\t\t\t<div class=\"elementor-element elementor-element-c8488d0 elementor-hidden-mobile elementor-widget elementor-widget-spacer\" data-id=\"c8488d0\" data-element_type=\"widget\" data-e-type=\"widget\" data-widget_type=\"spacer.default\">\n\t\t\t\t<div class=\"elementor-widget-container\">\n\t\t\t\t\t\t\t<div class=\"elementor-spacer\">\n\t\t\t<div class=\"elementor-spacer-inner\"><\/div>\n\t\t<\/div>\n\t\t\t\t\t\t<\/div>\n\t\t\t\t<\/div>\n\t\t\t\t<div class=\"elementor-element elementor-element-e460edd elementor-widget elementor-widget-heading\" data-id=\"e460edd\" data-element_type=\"widget\" data-e-type=\"widget\" data-widget_type=\"heading.default\">\n\t\t\t\t<div class=\"elementor-widget-container\">\n\t\t\t\t\t<h2 class=\"elementor-heading-title elementor-size-default\">Pol\u00edticas de cookies<\/h2>\t\t\t\t<\/div>\n\t\t\t\t<\/div>\n\t\t\t\t\t<\/div>\n\t\t<\/div>\n\t\t\t\t\t<\/div>\n\t\t<\/section>\n\t\t\t\t<section class=\"elementor-section elementor-top-section elementor-element elementor-element-fc6962f elementor-section-boxed elementor-section-height-default elementor-section-height-default\" data-id=\"fc6962f\" data-element_type=\"section\" data-e-type=\"section\">\n\t\t\t\t\t\t<div class=\"elementor-container elementor-column-gap-default\">\n\t\t\t\t\t<div class=\"elementor-column elementor-col-100 elementor-top-column elementor-element elementor-element-42acb42\" data-id=\"42acb42\" data-element_type=\"column\" data-e-type=\"column\">\n\t\t\t<div class=\"elementor-widget-wrap elementor-element-populated\">\n\t\t\t\t\t\t<div class=\"elementor-element elementor-element-3a83c8e elementor-widget elementor-widget-spacer\" data-id=\"3a83c8e\" data-element_type=\"widget\" data-e-type=\"widget\" data-widget_type=\"spacer.default\">\n\t\t\t\t<div class=\"elementor-widget-container\">\n\t\t\t\t\t\t\t<div class=\"elementor-spacer\">\n\t\t\t<div class=\"elementor-spacer-inner\"><\/div>\n\t\t<\/div>\n\t\t\t\t\t\t<\/div>\n\t\t\t\t<\/div>\n\t\t\t\t<div class=\"elementor-element elementor-element-c26f317 elementor-widget elementor-widget-text-editor\" data-id=\"c26f317\" data-element_type=\"widget\" data-e-type=\"widget\" data-widget_type=\"text-editor.default\">\n\t\t\t\t<div class=\"elementor-widget-container\">\n\t\t\t\t\t\t\t\t\t<p><span style=\"font-size: 1rem;\">En <\/span><strong style=\"font-size: 1rem;\">Obredor &amp; Obermaier<\/strong>, utilizamos cookies y tecnolog\u00edas similares para mejorar la experiencia de nuestros usuarios en nuestro sitio web, obtener estad\u00edsticas y personalizar el contenido. A continuaci\u00f3n, detallamos c\u00f3mo utilizamos las cookies y c\u00f3mo puedes gestionarlas.<\/p><p>\u00a0<\/p><p><strong>1. \u00bfQu\u00e9 son las cookies?<\/strong><br \/>Las cookies son peque\u00f1os archivos de texto que se almacenan en tu dispositivo (computadora, tablet o smartphone) cuando visitas nuestro sitio web. Estas permiten reconocer tu dispositivo y recordar informaci\u00f3n sobre tu visita, como tus preferencias de navegaci\u00f3n.<\/p><p>\u00a0<\/p><p><strong>2. Tipos de cookies que utilizamos<\/strong><br \/>Cookies necesarias: Estas cookies son esenciales para el funcionamiento del sitio web y permiten funcionalidades b\u00e1sicas, como la seguridad y la gesti\u00f3n de la sesi\u00f3n. No pueden desactivarse.<br \/>Cookies de an\u00e1lisis: Recopilan informaci\u00f3n an\u00f3nima sobre c\u00f3mo los usuarios interact\u00faan con el sitio web. Esto nos permite mejorar la funcionalidad y optimizar la experiencia.<br \/>Cookies de personalizaci\u00f3n: Permiten recordar tus preferencias en el sitio web, como el idioma seleccionado o la regi\u00f3n en la que te encuentras.<br \/>Cookies de publicidad: Utilizadas para mostrar anuncios relevantes para ti, basados en tus intereses y patrones de navegaci\u00f3n.<\/p><p>\u00a0<\/p><p><strong>3. Gesti\u00f3n de cookies<\/strong><br \/>Al visitar nuestro sitio web por primera vez, se te pedir\u00e1 que aceptes el uso de cookies. Puedes cambiar tus preferencias en cualquier momento desde la configuraci\u00f3n de tu navegador.<br \/>Los navegadores generalmente te permiten bloquear o eliminar cookies. Para m\u00e1s informaci\u00f3n sobre c\u00f3mo gestionar las cookies en tu navegador, consulta las opciones de configuraci\u00f3n del mismo.<\/p><p>\u00a0<\/p><p><strong>4. Consentimiento y aceptaci\u00f3n<\/strong><br \/>Al continuar utilizando nuestro sitio web, aceptas el uso de cookies conforme a esta pol\u00edtica. Puedes optar por no aceptar ciertas cookies, pero esto puede afectar la funcionalidad del sitio.<\/p><p>\u00a0<\/p><p><strong>5. Cambios en la pol\u00edtica de cookies<\/strong><br \/>Podemos actualizar nuestra pol\u00edtica de cookies en cualquier momento. Las modificaciones se publicar\u00e1n en esta p\u00e1gina junto con la fecha de actualizaci\u00f3n.<\/p><p>\u00a0<\/p><p><strong>6. Contacto<\/strong><br \/>Si tienes dudas sobre nuestra pol\u00edtica de cookies, puedes comunicarte con nosotros en info@obredorobermaier.com o al tel\u00e9fono +54 2364 &#8211; 55 8912.<\/p><p>\u00a0<\/p><p><strong>Fecha de \u00faltima actualizaci\u00f3n<\/strong>: 28\/10\/2024<\/p>\t\t\t\t\t\t\t\t<\/div>\n\t\t\t\t<\/div>\n\t\t\t\t<div class=\"elementor-element elementor-element-655165c elementor-widget elementor-widget-spacer\" data-id=\"655165c\" data-element_type=\"widget\" data-e-type=\"widget\" data-widget_type=\"spacer.default\">\n\t\t\t\t<div class=\"elementor-widget-container\">\n\t\t\t\t\t\t\t<div class=\"elementor-spacer\">\n\t\t\t<div class=\"elementor-spacer-inner\"><\/div>\n\t\t<\/div>\n\t\t\t\t\t\t<\/div>\n\t\t\t\t<\/div>\n\t\t\t\t\t<\/div>\n\t\t<\/div>\n\t\t\t\t\t<\/div>\n\t\t<\/section>\n\t\t\t\t<\/div>","protected":false},"excerpt":{"rendered":"<p>Pol\u00edticas de cookies En Obredor &amp; Obermaier, utilizamos cookies y tecnolog\u00edas similares para mejorar la experiencia de nuestros usuarios en nuestro sitio web, obtener estad\u00edsticas y personalizar el contenido. A continuaci\u00f3n, detallamos c\u00f3mo utilizamos las cookies y c\u00f3mo puedes gestionarlas. \u00a0 1. \u00bfQu\u00e9 son las cookies?Las cookies son peque\u00f1os archivos de texto que se almacenan [&hellip;]<\/p>","protected":false},"author":1,"featured_media":4154,"parent":0,"menu_order":0,"comment_status":"closed","ping_status":"closed","template":"","meta":{"footnotes":""},"class_list":["post-4437","page","type-page","status-publish","has-post-thumbnail","hentry"],"_links":{"self":[{"href":"https:\/\/obredorobermaier.com\/en\/wp-json\/wp\/v2\/pages\/4437","targetHints":{"allow":["GET"]}}],"collection":[{"href":"https:\/\/obredorobermaier.com\/en\/wp-json\/wp\/v2\/pages"}],"about":[{"href":"https:\/\/obredorobermaier.com\/en\/wp-json\/wp\/v2\/types\/page"}],"author":[{"embeddable":true,"href":"https:\/\/obredorobermaier.com\/en\/wp-json\/wp\/v2\/users\/1"}],"replies":[{"embeddable":true,"href":"https:\/\/obredorobermaier.com\/en\/wp-json\/wp\/v2\/comments?post=4437"}],"version-history":[{"count":7,"href":"https:\/\/obredorobermaier.com\/en\/wp-json\/wp\/v2\/pages\/4437\/revisions"}],"predecessor-version":[{"id":4446,"href":"https:\/\/obredorobermaier.com\/en\/wp-json\/wp\/v2\/pages\/4437\/revisions\/4446"}],"wp:featuredmedia":[{"embeddable":true,"href":"https:\/\/obredorobermaier.com\/en\/wp-json\/wp\/v2\/media\/4154"}],"wp:attachment":[{"href":"https:\/\/obredorobermaier.com\/en\/wp-json\/wp\/v2\/media?parent=4437"}],"curies":[{"name":"wp","href":"https:\/\/api.w.org\/{rel}","templated":true}]}}